{"id":1158,"date":"2015-05-04T23:35:37","date_gmt":"2015-05-04T23:35:37","guid":{"rendered":"http:\/\/grupoamano.com.ar\/?page_id=1158"},"modified":"2018-09-02T21:55:22","modified_gmt":"2018-09-03T00:55:22","slug":"sanatorios-privados","status":"publish","type":"page","link":"https:\/\/www.grupoamano.com.ar\/?page_id=1158","title":{"rendered":"Sanatorios Privados"},"content":{"rendered":"<div  class='column dt-sc-full-width   first' ><p><a href=\"http:\/\/grupoamano.com.ar\/wp-content\/uploads\/2015\/05\/amano_sanatorios.jpg\"><img loading=\"lazy\" decoding=\"async\" class=\"aligncenter wp-image-1989 size-full\" src=\"http:\/\/grupoamano.com.ar\/wp-content\/uploads\/2015\/05\/amano_sanatorios.jpg\" alt=\"\" height=\"130\" width=\"1103\" srcset=\"https:\/\/www.grupoamano.com.ar\/wp-content\/uploads\/2015\/05\/amano_sanatorios.jpg 1103w, https:\/\/www.grupoamano.com.ar\/wp-content\/uploads\/2015\/05\/amano_sanatorios-300x35.jpg 300w, https:\/\/www.grupoamano.com.ar\/wp-content\/uploads\/2015\/05\/amano_sanatorios-1024x121.jpg 1024w\" sizes=\"auto, (max-width: 1103px) 100vw, 1103px\" \/><\/a><\/p>\n<div class='dt-sc-hr-invisible-small  '><\/div><\/div><div  class='column dt-sc-one-half   first' ><div class='dt-sc-titled-box '><h6 class='dt-sc-titled-box-title' > <span class='fa fa-map-marker '><\/span> Godoy Cruz<\/h6><div class='dt-sc-titled-box-content'><p>Beltr\u00e1n 95. Godoy Cruz, Mendoza \u2013 CP 5501 <a href=\"https:\/\/goo.gl\/e2vuhX\" target=\"_map1\"> \u2192 <strong>VER MAPA<\/strong><\/a><\/p><\/div><\/div><\/div><div  class='column dt-sc-one-half   ' ><div class='dt-sc-titled-box '><h6 class='dt-sc-titled-box-title' > <span class='fa fa-map-marker '><\/span> San Mart\u00edn<\/h6><div class='dt-sc-titled-box-content'><p>Guti\u00e9rrez 83. San Mart\u00edn, Mendoza &#8211; CP 5570 <a href=\"https:\/\/goo.gl\/TNK8gp\" target=\"_map2\"> \u2192 <strong>VER MAPA<\/strong><\/a>  <\/p><\/div><\/div><\/div><div  class='column dt-sc-full-width   first' ><p><a href=\"http:\/\/grupoamano.com.ar\/wp-content\/uploads\/2015\/05\/Amano_sanatorio.jpg\"><img loading=\"lazy\" decoding=\"async\" class=\"aligncenter wp-image-1908 size-full\" src=\"http:\/\/grupoamano.com.ar\/wp-content\/uploads\/2015\/05\/Amano_sanatorio.jpg\" alt=\"\" height=\"707\" width=\"1060\" srcset=\"https:\/\/www.grupoamano.com.ar\/wp-content\/uploads\/2015\/05\/Amano_sanatorio.jpg 1060w, https:\/\/www.grupoamano.com.ar\/wp-content\/uploads\/2015\/05\/Amano_sanatorio-300x200.jpg 300w, https:\/\/www.grupoamano.com.ar\/wp-content\/uploads\/2015\/05\/Amano_sanatorio-1024x683.jpg 1024w\" sizes=\"auto, (max-width: 1060px) 100vw, 1060px\" \/><\/a><\/p>\n<div class='dt-sc-hr-invisible-small  '><\/div><\/div><div  class='column dt-sc-one-third   first' ><div class='dt-sc-ico-content type2'><div class='icon'> <span class='fa fa-user-md'> <\/span> <\/div><h5><a href='#' target=''>   <\/a><\/h5><p>El equipo Amano Sanatorios Privados, est\u00e1 conformado por acreditados especialistas en diferentes \u00e1reas de la medicina interna. La experiencia, la especializaci\u00f3n en disciplinas concretas, la evoluci\u00f3n constante de conocimientos y el talento, son las aptitudes que caracterizan a las personas que cuidan de la salud y del bienestar.<\/p><\/div><\/div><div  class='column dt-sc-one-third   ' ><div class='dt-sc-ico-content type4'><div class='icon'> <span class='fa fa-check'> <\/span> <\/div><h5><a href='#' target=''>   <\/a><\/h5><p>Nuestra misi\u00f3n es contribuir a mejorar la calidad de vida de las personas, considerando la salud como un bien social, tenemos el desaf\u00edo permanente de crear las condiciones necesarias, actuando desde la formaci\u00f3n, prevenci\u00f3n, y principalmente en la asistencia y recuperaci\u00f3n de las personas.<\/p><\/div><\/div><div  class='column dt-sc-one-third   ' ><div class='dt-sc-ico-content type2'><div class='icon'> <span class='fa fa-laptop'> <\/span> <\/div><h5><a href='#' target=''>   <\/a><\/h5><p>Contamos con la m\u00e1s moderna tecnolog\u00eda en aparatolog\u00eda que nos exige la medicina de hoy. Nuestro compromiso es prestar un servicio de salud asistencial que nos posicione entre los mejores del medio, en un \u00e1mbito diferenciado por el alto confort, donde la recuperaci\u00f3n y el bienestar del paciente est\u00e9n bajo el cuidado de los mejores profesionales de la salud y personal capacitado y calificado.<\/p><\/div><\/div><div  class='column dt-sc-one-third   first' ><p><img loading=\"lazy\" decoding=\"async\" class=\"aligncenter size-large wp-image-1867\" src=\"http:\/\/grupoamano.com.ar\/wp-content\/uploads\/2015\/05\/Quirofano-1-1024x683.jpg\" alt=\"Quirofano 1\" height=\"450\" width=\"675\" srcset=\"https:\/\/www.grupoamano.com.ar\/wp-content\/uploads\/2015\/05\/Quirofano-1-1024x683.jpg 1024w, https:\/\/www.grupoamano.com.ar\/wp-content\/uploads\/2015\/05\/Quirofano-1-300x200.jpg 300w, https:\/\/www.grupoamano.com.ar\/wp-content\/uploads\/2015\/05\/Quirofano-1.jpg 1200w\" sizes=\"auto, (max-width: 675px) 100vw, 675px\" \/><\/p><\/div><div  class='column dt-sc-one-third   ' ><p><img loading=\"lazy\" decoding=\"async\" class=\"aligncenter size-large wp-image-1869\" src=\"http:\/\/grupoamano.com.ar\/wp-content\/uploads\/2015\/05\/Guantes-Suero-1024x683.jpg\" alt=\"Guantes Suero\" height=\"450\" width=\"675\" srcset=\"https:\/\/www.grupoamano.com.ar\/wp-content\/uploads\/2015\/05\/Guantes-Suero-1024x683.jpg 1024w, https:\/\/www.grupoamano.com.ar\/wp-content\/uploads\/2015\/05\/Guantes-Suero-300x200.jpg 300w, https:\/\/www.grupoamano.com.ar\/wp-content\/uploads\/2015\/05\/Guantes-Suero.jpg 1200w\" sizes=\"auto, (max-width: 675px) 100vw, 675px\" \/><\/p><\/div><div  class='column dt-sc-one-third   ' ><p><img loading=\"lazy\" decoding=\"async\" class=\"aligncenter size-large wp-image-1870\" src=\"http:\/\/grupoamano.com.ar\/wp-content\/uploads\/2015\/05\/Quirofano-2-1024x683.jpg\" alt=\"Quirofano 2\" height=\"450\" width=\"675\" srcset=\"https:\/\/www.grupoamano.com.ar\/wp-content\/uploads\/2015\/05\/Quirofano-2-1024x683.jpg 1024w, https:\/\/www.grupoamano.com.ar\/wp-content\/uploads\/2015\/05\/Quirofano-2-300x200.jpg 300w, https:\/\/www.grupoamano.com.ar\/wp-content\/uploads\/2015\/05\/Quirofano-2.jpg 1200w\" sizes=\"auto, (max-width: 675px) 100vw, 675px\" \/><\/p><\/div><div  class='column dt-sc-full-width   first' ><div class='dt-sc-hr-invisible-small  '><\/div><div class='dt-sc-hr-invisible-small  '><\/div><\/div><div class='dt-sc-titled-box '><h6 class='dt-sc-titled-box-title'  style=\"background-color:#01a95b;border-color:#01a95b;color:#ffffff;\">  <\/h6><div class='dt-sc-titled-box-content'><h3><span style=\"color: #3e4097;\">Nos importa su bienestar<\/span><\/h3>\n<p>Para brindar el servicio que usted se merece contamos con:<\/p><\/div><\/div><div  class='column dt-sc-one-third   first' ><ul class='dt-sc-fancy-list  green  star'>\n<li>Guardias las 24 hs<\/li>\n<li>Servicio de Laboratorio<\/li>\n<li>Servicio de Im\u00e1genes<\/li>\n<\/ul><\/div><div  class='column dt-sc-one-third   ' ><ul class='dt-sc-fancy-list  blue  star'>\n<li>Servicio de Terapia Intensiva y Cuidados Intensivo<\/li>\n<li>3 quir\u00f3fanos<\/li>\n<li>Sala de Partos<\/li>\n<\/ul><\/div><div  class='column dt-sc-one-third   ' ><ul class='dt-sc-fancy-list  green  star'>\n<li>24 camas el\u00e9ctricas<\/li>\n<li>7 camas en terapia intensiva<\/li>\n<li>Shock Room<\/li>\n<li>Habitaciones Vip<\/li>\n<\/ul><\/div><div  class='column dt-sc-full-width   first' ><div class='dt-sc-hr-invisible-small  '><\/div><h3 class=''>Nuestros principios y valores<\/h3><\/div><div  class='column dt-sc-one-half   first' ><ul class='dt-sc-numbered-list'>\n<li><span><i class=\"fa fa-check-circle\"><\/i><\/span>Paciencia y tolerancia hacia el paciente.<\/li>\n<li><span><i class=\"fa fa-check-circle\"><\/i><\/span>Cordialidad en la atenci\u00f3n.<\/li>\n<li><span><i class=\"fa fa-check-circle\"><\/i><\/span>Trabajar en busca de soluciones.<\/li>\n<li><span><i class=\"fa fa-check-circle\"><\/i><\/span>Satisfacer las necesidades del paciente.<\/li>\n<li><span><i class=\"fa fa-check-circle\"><\/i><\/span>Compromiso y predisposici\u00f3n hacia el trabajo.<\/li>\n<\/ul><div class='dt-sc-hr-invisible-small  '><\/div><div class='dt-sc-hr-invisible-small  '><\/div><span class=' dt-sc-pullquote5 quotes aligncenter' > &nbsp;\nLa calidad es, para nosotros, un valor estrat\u00e9gico, sobre el que se fundamenta la modernizaci\u00f3n de la Instituci\u00f3n, tanto desde el confort como en equipamiento de \u00faltima generaci\u00f3n tecnol\u00f3gica.\n&nbsp;\n&nbsp; <\/span><\/div><div  class='column dt-sc-one-half   ' ><p><img loading=\"lazy\" decoding=\"async\" class=\"aligncenter size-large wp-image-1868\" src=\"http:\/\/grupoamano.com.ar\/wp-content\/uploads\/2015\/05\/Consulta-2-683x1024.jpg\" alt=\"Consulta 2\" height=\"1012\" width=\"675\" srcset=\"https:\/\/www.grupoamano.com.ar\/wp-content\/uploads\/2015\/05\/Consulta-2-683x1024.jpg 683w, https:\/\/www.grupoamano.com.ar\/wp-content\/uploads\/2015\/05\/Consulta-2-200x300.jpg 200w, https:\/\/www.grupoamano.com.ar\/wp-content\/uploads\/2015\/05\/Consulta-2.jpg 1200w\" sizes=\"auto, (max-width: 675px) 100vw, 675px\" \/><\/p><\/div><div  class='column dt-sc-full-width   first' ><div class='dt-sc-hr-invisible-small  '><\/div><div class='dt-sc-hr-invisible-small  '><\/div><h3 class=''>Prestaciones y Especialidades<\/h3><\/div><div  class='column dt-sc-one-half   first' ><ul class='dt-sc-numbered-list'>\n<li><span><i class=\"fa fa-check\"><\/i><\/span>Internaci\u00f3n Regular<\/li>\n<li><span><i class=\"fa fa-check\"><\/i><\/span>Vip \u2013 Rooms<\/li>\n<li><span><i class=\"fa fa-check\"><\/i><\/span>Servicio De Terapia Intensiva<\/li>\n<li><span><i class=\"fa fa-check\"><\/i><\/span>Cirug\u00eda General<\/li>\n<li><span><i class=\"fa fa-check\"><\/i><\/span>Vascular Perif\u00e9rico<\/li>\n<li><span><i class=\"fa fa-check\"><\/i><\/span>Cardiolog\u00eda<\/li>\n<li><span><i class=\"fa fa-check\"><\/i><\/span>Cirug\u00eda Cardiovascular<\/li>\n<\/ul><\/div><div  class='column dt-sc-one-half   ' ><ul class='dt-sc-numbered-list'>\n<li><span><i class=\"fa fa-check\"><\/i><\/span>Traumatolog\u00eda<\/li>\n<li><span><i class=\"fa fa-check\"><\/i><\/span>Urolog\u00eda<\/li>\n<li><span><i class=\"fa fa-check\"><\/i><\/span>Gineco &#8211; Obstetricia<\/li>\n<li><span><i class=\"fa fa-check\"><\/i><\/span>Neo-pediatr\u00eda<\/li>\n<li><span><i class=\"fa fa-check\"><\/i><\/span>Neurolog\u00eda &#8211; Neurocirug\u00eda<\/li>\n<li><span><i class=\"fa fa-check\"><\/i><\/span>Hemoterapia &#8211; hematologia<\/li>\n<li><span><i class=\"fa fa-check\"><\/i><\/span>Anestesias<\/li>\n<\/ul><\/div><div  class='column dt-sc-full-width   first' ><div class='dt-sc-hr-invisible-small  '><\/div><\/div><div  class='column dt-sc-full-width   first' ><\/div><div  class='column dt-sc-one-half   first' ><\/div><div  class='column dt-sc-full-width   first' ><\/div>\n","protected":false},"excerpt":{"rendered":"","protected":false},"author":1,"featured_media":0,"parent":0,"menu_order":0,"comment_status":"open","ping_status":"open","template":"","meta":{"footnotes":""},"class_list":["post-1158","page","type-page","status-publish","hentry"],"_links":{"self":[{"href":"https:\/\/www.grupoamano.com.ar\/index.php?rest_route=\/wp\/v2\/pages\/1158","targetHints":{"allow":["GET"]}}],"collection":[{"href":"https:\/\/www.grupoamano.com.ar\/index.php?rest_route=\/wp\/v2\/pages"}],"about":[{"href":"https:\/\/www.grupoamano.com.ar\/index.php?rest_route=\/wp\/v2\/types\/page"}],"author":[{"embeddable":true,"href":"https:\/\/www.grupoamano.com.ar\/index.php?rest_route=\/wp\/v2\/users\/1"}],"replies":[{"embeddable":true,"href":"https:\/\/www.grupoamano.com.ar\/index.php?rest_route=%2Fwp%2Fv2%2Fcomments&post=1158"}],"version-history":[{"count":228,"href":"https:\/\/www.grupoamano.com.ar\/index.php?rest_route=\/wp\/v2\/pages\/1158\/revisions"}],"predecessor-version":[{"id":2118,"href":"https:\/\/www.grupoamano.com.ar\/index.php?rest_route=\/wp\/v2\/pages\/1158\/revisions\/2118"}],"wp:attachment":[{"href":"https:\/\/www.grupoamano.com.ar\/index.php?rest_route=%2Fwp%2Fv2%2Fmedia&parent=1158"}],"curies":[{"name":"wp","href":"https:\/\/api.w.org\/{rel}","templated":true}]}}