{"id":1238,"date":"2015-05-07T15:41:52","date_gmt":"2015-05-07T15:41:52","guid":{"rendered":"http:\/\/grupoamano.com.ar\/?page_id=1238"},"modified":"2018-09-02T21:28:18","modified_gmt":"2018-09-03T00:28:18","slug":"dicon-imagendiagnostico","status":"publish","type":"page","link":"https:\/\/www.grupoamano.com.ar\/?page_id=1238","title":{"rendered":"DICON"},"content":{"rendered":"<div  class='column dt-sc-full-width   first' ><div class='dt-sc-hr-invisible-small  '><\/div>\n<p><a href=\"http:\/\/grupoamano.com.ar\/wp-content\/uploads\/2015\/05\/DICON_definitiva_web.jpg\"><img loading=\"lazy\" decoding=\"async\" class=\"aligncenter wp-image-1925 size-full\" src=\"http:\/\/grupoamano.com.ar\/wp-content\/uploads\/2015\/05\/DICON_definitiva_web.jpg\" alt=\"\" width=\"1060\" height=\"707\" srcset=\"https:\/\/www.grupoamano.com.ar\/wp-content\/uploads\/2015\/05\/DICON_definitiva_web.jpg 1060w, https:\/\/www.grupoamano.com.ar\/wp-content\/uploads\/2015\/05\/DICON_definitiva_web-300x200.jpg 300w, https:\/\/www.grupoamano.com.ar\/wp-content\/uploads\/2015\/05\/DICON_definitiva_web-1024x683.jpg 1024w\" sizes=\"auto, (max-width: 1060px) 100vw, 1060px\" \/><\/a><\/p>\n<div class='dt-sc-hr-invisible-small  '><\/div><\/div><div  class='column dt-sc-one-half   first' ><p><img loading=\"lazy\" decoding=\"async\" class=\"aligncenter size-large wp-image-1860\" src=\"http:\/\/grupoamano.com.ar\/wp-content\/uploads\/2015\/05\/Tomografo-1-1024x689.jpg\" alt=\"Tomografo 1\" width=\"675\" height=\"454\" srcset=\"https:\/\/www.grupoamano.com.ar\/wp-content\/uploads\/2015\/05\/Tomografo-1-1024x689.jpg 1024w, https:\/\/www.grupoamano.com.ar\/wp-content\/uploads\/2015\/05\/Tomografo-1-300x202.jpg 300w, https:\/\/www.grupoamano.com.ar\/wp-content\/uploads\/2015\/05\/Tomografo-1-1060x713.jpg 1060w, https:\/\/www.grupoamano.com.ar\/wp-content\/uploads\/2015\/05\/Tomografo-1-790x531.jpg 790w, https:\/\/www.grupoamano.com.ar\/wp-content\/uploads\/2015\/05\/Tomografo-1-520x350.jpg 520w, https:\/\/www.grupoamano.com.ar\/wp-content\/uploads\/2015\/05\/Tomografo-1-420x283.jpg 420w, https:\/\/www.grupoamano.com.ar\/wp-content\/uploads\/2015\/05\/Tomografo-1.jpg 1200w\" sizes=\"auto, (max-width: 675px) 100vw, 675px\" \/><\/p><\/div><div  class='column dt-sc-one-half   ' ><div class='dt-sc-hr-invisible-medium  '><\/div><span class=' dt-sc-pullquote5 quotes aligncenter' > El Diagn\u00f3stico por im\u00e1genes se ha convertido en una herramienta cl\u00ednica actualmente indispensable para cualquier diagn\u00f3stico. <\/span><\/div><div  class='column dt-sc-one-half   first' ><div class='dt-sc-toggle-frame-set'><h5 class='dt-sc-toggle-accordion '><a href='#'>MISI\u00d3N<\/a><\/h5><div class=\"dt-sc-toggle-content\" style=\"display: none;\"><div class=\"block\">Otorgar un servicio de alta calidad y un diagn\u00f3stico certero, a trav\u00e9s de un trato personalizado y humano, con los m\u00e1s altos est\u00e1ndares de calidad basados en la experiencia.<\/div><\/div> <h5 class='dt-sc-toggle-accordion '><a href='#'>VISI\u00d3N<\/a><\/h5><div class=\"dt-sc-toggle-content\" style=\"display: none;\"><div class=\"block\">Ser l\u00edderes en la prestaci\u00f3n de servicio de Im\u00e1genes diagn\u00f3stica con base en tecnolog\u00eda de alta complejidad, teniendo claro el principio de innovaci\u00f3n en la atenci\u00f3n del cliente, velando siempre por el bienestar para que cada vez se sienta c\u00f3modo y seguro.<\/div><\/div><\/div><\/div><div  class='column dt-sc-one-half   ' ><p><img loading=\"lazy\" decoding=\"async\" class=\"aligncenter size-large wp-image-1863\" src=\"http:\/\/grupoamano.com.ar\/wp-content\/uploads\/2015\/05\/Equipamiento-1-1024x683.jpg\" alt=\"Equipamiento 1\" width=\"675\" height=\"450\" srcset=\"https:\/\/www.grupoamano.com.ar\/wp-content\/uploads\/2015\/05\/Equipamiento-1-1024x683.jpg 1024w, https:\/\/www.grupoamano.com.ar\/wp-content\/uploads\/2015\/05\/Equipamiento-1-300x200.jpg 300w, https:\/\/www.grupoamano.com.ar\/wp-content\/uploads\/2015\/05\/Equipamiento-1.jpg 1200w\" sizes=\"auto, (max-width: 675px) 100vw, 675px\" \/> <\/p><\/div><div  class='column dt-sc-full-width   first' ><div class='dt-sc-hr-invisible-small  '><\/div><div class='dt-sc-hr-invisible-small  '><\/div><\/div><div  class='column dt-sc-one-half   first' ><p><img loading=\"lazy\" decoding=\"async\" class=\"aligncenter size-large wp-image-1864\" src=\"http:\/\/grupoamano.com.ar\/wp-content\/uploads\/2015\/05\/Consulta-1-1024x683.jpg\" alt=\"Consulta 1\" width=\"675\" height=\"450\" srcset=\"https:\/\/www.grupoamano.com.ar\/wp-content\/uploads\/2015\/05\/Consulta-1-1024x683.jpg 1024w, https:\/\/www.grupoamano.com.ar\/wp-content\/uploads\/2015\/05\/Consulta-1-300x200.jpg 300w, https:\/\/www.grupoamano.com.ar\/wp-content\/uploads\/2015\/05\/Consulta-1.jpg 1200w\" sizes=\"auto, (max-width: 675px) 100vw, 675px\" \/><\/p><\/div><div  class='column dt-sc-one-half   ' ><h3 class=''>Nuestras fortalezas<\/h3><ul class='dt-sc-numbered-list-type2'>\n<li><span><i class=\"fa fa-check\"><\/i><\/span>Accesibilidad a las prestaciones y asistencia humanizada.<\/li>\n<li><span><i class=\"fa fa-check\"><\/i><\/span>Orientaci\u00f3n al cliente. Seriedad, fiabilidad y credibilidad.<\/li>\n<li><span><i class=\"fa fa-check\"><\/i><\/span>Vocaci\u00f3n, compromiso y dedicaci\u00f3n. Organizaci\u00f3n.<\/li>\n<li><span><i class=\"fa fa-check\"><\/i><\/span>Trabajo en equipo y sentido de pertenencia.<\/li>\n<li><span><i class=\"fa fa-check\"><\/i><\/span>Af\u00e1n de superaci\u00f3n e innovaci\u00f3n. Comunicaci\u00f3n.<\/li>\n<li><span><i class=\"fa fa-check\"><\/i><\/span>Respeto al medio ambiente. Tecnolog\u00eda.<\/li>\n<li><span><i class=\"fa fa-check\"><\/i><\/span>Talento y experiencia.<\/li>\n<\/ul><\/div><div  class='column dt-sc-full-width   first' ><div class='dt-sc-hr-invisible-small  '><\/div><div class='dt-sc-hr-invisible-small  '><\/div><\/div><div  class='column dt-sc-one-half   first' ><div class='dt-sc-titled-box '><h6 class='dt-sc-titled-box-title' >  <\/h6><div class='dt-sc-titled-box-content'><h5>Pilares que permiten a DICON ser uno de los mejores servicios de Diagnostico por Im\u00e1genes de Mendoza.<\/h5>\n<p>El objetivo permanente es cumplir con los requisitos de los clientes-paciente, m\u00e9dicos derivantes e instituciones financiadoras de la salud.<\/p><\/div><\/div><\/div><div  class='column dt-sc-one-half   ' ><p><a href=\"http:\/\/grupoamano.com.ar\/wp-content\/uploads\/2015\/05\/ecografia_web1.jpg\"><img loading=\"lazy\" decoding=\"async\" class=\"aligncenter wp-image-2011 size-full\" src=\"http:\/\/grupoamano.com.ar\/wp-content\/uploads\/2015\/05\/ecografia_web1.jpg\" alt=\"\" width=\"500\" height=\"333\" srcset=\"https:\/\/www.grupoamano.com.ar\/wp-content\/uploads\/2015\/05\/ecografia_web1.jpg 500w, https:\/\/www.grupoamano.com.ar\/wp-content\/uploads\/2015\/05\/ecografia_web1-300x200.jpg 300w\" sizes=\"auto, (max-width: 500px) 100vw, 500px\" \/><\/a><\/p><\/div><div  class='column dt-sc-full-width   first' ><div class='dt-sc-hr-invisible-small  '><\/div><div class='dt-sc-hr-invisible-small  '><\/div><h3 class=''>Especialidades<\/h3><\/div><div  class='column dt-sc-one-half   first' ><ul class='dt-sc-numbered-list'>\n<li><span><i class=\"fa fa-check\"><\/i><\/span>Resonancia Magn\u00e9tica Nuclear (RMN)<\/li>\n<li><span><i class=\"fa fa-check\"><\/i><\/span>Tomograf\u00eda AXIAL Computada (TAC)<\/li>\n<li><span><i class=\"fa fa-check\"><\/i><\/span>Ecograf\u00edas General<\/li>\n<li><span><i class=\"fa fa-check\"><\/i><\/span>Ecodoppler<\/li>\n<\/ul><\/div><div  class='column dt-sc-one-half   ' ><ul class='dt-sc-numbered-list'>\n<li><span><i class=\"fa fa-check\"><\/i><\/span>Mamograf\u00edas<\/li>\n<li><span><i class=\"fa fa-check\"><\/i><\/span>Radiolog\u00eda Convencional y Contrastada<\/li>\n<li><span><i class=\"fa fa-check\"><\/i><\/span>Espinograma<\/li>\n<li><span><i class=\"fa fa-check\"><\/i><\/span>Medici\u00f3n de miembros inferiores<\/li>\n<\/ul><\/div><div  class='column dt-sc-full-width   first' ><div class='dt-sc-hr-invisible-small  '><\/div><div class='dt-sc-hr-invisible-small  '><\/div><h3 class=''>Centro de Diagn\u00f3stico<\/h3><\/div><div  class='column dt-sc-one-third   first' ><div class='dt-sc-titled-box '><h6 class='dt-sc-titled-box-title' > <span class='fa fa-crosshairs '><\/span> SAN MART\u00cdN<\/h6><div class='dt-sc-titled-box-content'><p>Av. San Mart\u00edn 220.(5501)\nGodoy Cruz \u2013 Mendoza. <\/p><\/div><\/div><\/div><div  class='column dt-sc-two-third   ' ><iframe loading=\"lazy\" src=\"https:\/\/www.google.com\/maps\/embed?pb=!1m18!1m12!1m3!1d3349.113212559667!2d-68.84992658471357!3d-32.9216069809286!2m3!1f0!2f0!3f0!3m2!1i1024!2i768!4f13.1!3m3!1m2!1s0x967e097cb8b12a4d%3A0x88fbe7e92a805bc4!2sDICON+Imagen+Diagn%C3%B3stico!5e0!3m2!1ses-419!2sar!4v1535933727397\" width=\"800\" height=\"360\" frameborder=\"0\" style=\"border:0\" allowfullscreen><\/iframe><\/div>\n","protected":false},"excerpt":{"rendered":"","protected":false},"author":1,"featured_media":0,"parent":0,"menu_order":0,"comment_status":"open","ping_status":"open","template":"","meta":{"footnotes":""},"class_list":["post-1238","page","type-page","status-publish","hentry"],"_links":{"self":[{"href":"https:\/\/www.grupoamano.com.ar\/index.php?rest_route=\/wp\/v2\/pages\/1238","targetHints":{"allow":["GET"]}}],"collection":[{"href":"https:\/\/www.grupoamano.com.ar\/index.php?rest_route=\/wp\/v2\/pages"}],"about":[{"href":"https:\/\/www.grupoamano.com.ar\/index.php?rest_route=\/wp\/v2\/types\/page"}],"author":[{"embeddable":true,"href":"https:\/\/www.grupoamano.com.ar\/index.php?rest_route=\/wp\/v2\/users\/1"}],"replies":[{"embeddable":true,"href":"https:\/\/www.grupoamano.com.ar\/index.php?rest_route=%2Fwp%2Fv2%2Fcomments&post=1238"}],"version-history":[{"count":183,"href":"https:\/\/www.grupoamano.com.ar\/index.php?rest_route=\/wp\/v2\/pages\/1238\/revisions"}],"predecessor-version":[{"id":2106,"href":"https:\/\/www.grupoamano.com.ar\/index.php?rest_route=\/wp\/v2\/pages\/1238\/revisions\/2106"}],"wp:attachment":[{"href":"https:\/\/www.grupoamano.com.ar\/index.php?rest_route=%2Fwp%2Fv2%2Fmedia&parent=1238"}],"curies":[{"name":"wp","href":"https:\/\/api.w.org\/{rel}","templated":true}]}}