{"id":746,"date":"2015-04-16T20:08:50","date_gmt":"2015-04-16T20:08:50","guid":{"rendered":"http:\/\/grupoamano.com.ar\/?page_id=746"},"modified":"2015-07-21T10:37:06","modified_gmt":"2015-07-21T13:37:06","slug":"inicio","status":"publish","type":"page","link":"https:\/\/www.grupoamano.com.ar\/","title":{"rendered":"Inicio"},"content":{"rendered":"<div  class='column dt-sc-one-third  space first' ><div class='dt-sc-ico-content type1'><div class='icon'> <span class='fa fa-medkit'> <\/span> <\/div><h5><a href='#' target=''> TECNOLOG\u00cdA M\u00c9DICA <\/a><\/h5><p>Contamos con tecnolog\u00eda de avanzada en todos nuestros servicios m\u00e9dicos, comenzando por DICON centro de diagn\u00f3stico,&nbsp;SANATORIOS en internaci\u00f3n y AMANO emergencias m\u00e9dicas completan la gama de servicios profesionales.<\/p><\/div><\/div><div  class='column dt-sc-one-third   ' ><div class='dt-sc-ico-content type1'><div class='icon'> <span class='fa fa-user-md'> <\/span> <\/div><h5><a href='#' target=''> Especialistas <\/a><\/h5><p>Contamos con una alt\u00edsima gama de profesionales en todas las especialidades del espectro m\u00e9dico asistencial y con consultorios dedicados a las consultas de todos nuestros afiliados.<\/p><\/div><\/div><div  class='column dt-sc-one-third   ' ><div class='dt-sc-ico-content type1'><div class='icon'> <span class='fa fa-ambulance'> <\/span> <\/div><h5><a href='#' target=''> 365\/24 Atentos <\/a><\/h5><p>AMANO Emergencias M\u00e9dicas, posee la capacidad de operar los 365 d\u00edas del a\u00f1o las 24 horas del d\u00eda, lo que proporciona una efectiva contenci\u00f3n a nuestros pacientes y eficacia en nuestro compromiso con la salud. &nbsp;<\/p><\/div><\/div><div class=\"dt-sc-clear\"><\/div><div class='dt-sc-hr-invisible-medium  '><\/div><div  class='dt-sc-callout-box type4 ' ><div class=\"column dt-sc-four-fifth first\"><h4>AMANO emergencias m\u00e9dicas<\/h4>\n<h5><span style=\"color: #ffffff;\">Contamos con un sistema integral de primer nivel<\/span><\/h5><\/div><div class=\"column dt-sc-one-fifth\"><a href='http:\/\/www.grupoamano.com.ar\/?page_id=1115' class='dt-sc-button medium' target='_self'>Conocer m\u00e1s<\/a><\/div><\/div><div class='dt-sc-hr '><\/div><div  class='dt-sc-callout-box type3 ' ><div class=\"column dt-sc-four-fifth first\"><h4>Sanatorios Privados<\/h4>\n<h5>Especialistas acreditados en distintas disciplinas m\u00e9dicas.<\/h5><\/div><div class=\"column dt-sc-one-fifth\"><a href='http:\/\/www.grupoamano.com.ar\/?page_id=1158' class='dt-sc-button medium' target='_self'>Conocer m\u00e1s<\/a><\/div><\/div><div class='dt-sc-hr '><\/div><div  class='dt-sc-callout-box type2 ' ><div class=\"column dt-sc-four-fifth first\"><h4>DICON Imagen &amp; Diagn\u00f3stico<\/h4>\n<h5><span style=\"color: #ffffff;\">Excelencia en diagn\u00f3stico por im\u00e1genes.<\/span><\/h5><\/div><div class=\"column dt-sc-one-fifth\"><a href='http:\/\/www.grupoamano.com.ar\/?page_id=1238' class='dt-sc-button medium' target='_self'>Conocer m\u00e1s<\/a><\/div><\/div><div class=\"dt-sc-clear\"><\/div><div class='dt-sc-hr-invisible-medium  '><\/div><div  class='column dt-sc-one-half   first' ><\/div><div  class='column dt-sc-one-half   ' ><\/div><div  class='column dt-sc-one-third   first' ><\/div><div  class='column dt-sc-one-third   ' ><\/div><div  class='column dt-sc-one-third   ' ><\/div>\n","protected":false},"excerpt":{"rendered":"","protected":false},"author":1,"featured_media":0,"parent":0,"menu_order":0,"comment_status":"open","ping_status":"open","template":"tpl-home.php","meta":{"footnotes":""},"class_list":["post-746","page","type-page","status-publish","hentry"],"_links":{"self":[{"href":"https:\/\/www.grupoamano.com.ar\/index.php?rest_route=\/wp\/v2\/pages\/746","targetHints":{"allow":["GET"]}}],"collection":[{"href":"https:\/\/www.grupoamano.com.ar\/index.php?rest_route=\/wp\/v2\/pages"}],"about":[{"href":"https:\/\/www.grupoamano.com.ar\/index.php?rest_route=\/wp\/v2\/types\/page"}],"author":[{"embeddable":true,"href":"https:\/\/www.grupoamano.com.ar\/index.php?rest_route=\/wp\/v2\/users\/1"}],"replies":[{"embeddable":true,"href":"https:\/\/www.grupoamano.com.ar\/index.php?rest_route=%2Fwp%2Fv2%2Fcomments&post=746"}],"version-history":[{"count":107,"href":"https:\/\/www.grupoamano.com.ar\/index.php?rest_route=\/wp\/v2\/pages\/746\/revisions"}],"predecessor-version":[{"id":2027,"href":"https:\/\/www.grupoamano.com.ar\/index.php?rest_route=\/wp\/v2\/pages\/746\/revisions\/2027"}],"wp:attachment":[{"href":"https:\/\/www.grupoamano.com.ar\/index.php?rest_route=%2Fwp%2Fv2%2Fmedia&parent=746"}],"curies":[{"name":"wp","href":"https:\/\/api.w.org\/{rel}","templated":true}]}}