{"id":822,"date":"2015-04-17T03:14:55","date_gmt":"2015-04-17T03:14:55","guid":{"rendered":"http:\/\/grupoamano.com.ar\/?page_id=822"},"modified":"2015-06-18T13:40:01","modified_gmt":"2015-06-18T16:40:01","slug":"origen","status":"publish","type":"page","link":"https:\/\/www.grupoamano.com.ar\/?page_id=822","title":{"rendered":"Qui\u00e9nes somos"},"content":{"rendered":"<h3 class=''>Nuestros comienzos<\/h3><div  class='column dt-sc-one-half  space first' ><p><a href=\"https:\/\/grupoamano.com.ar\/wp-content\/uploads\/2015\/04\/Ambulancia_grande.jpg\"><img loading=\"lazy\" decoding=\"async\" class=\"aligncenter wp-image-868 size-full\" src=\"http:\/\/grupoamano.com.ar\/wp-content\/uploads\/2015\/04\/Ambulancia_grande.jpg\" alt=\"\" height=\"394\" width=\"600\" srcset=\"https:\/\/www.grupoamano.com.ar\/wp-content\/uploads\/2015\/04\/Ambulancia_grande.jpg 600w, https:\/\/www.grupoamano.com.ar\/wp-content\/uploads\/2015\/04\/Ambulancia_grande-300x197.jpg 300w\" sizes=\"auto, (max-width: 600px) 100vw, 600px\" \/><\/a><\/p><\/div><div  class='column dt-sc-one-half   ' ><div class='dt-sc-hr-invisible-small  '><\/div><div class='dt-sc-hr-invisible-small  '><\/div><span class=' dt-sc-pullquote4 aligncenter' > Grupo Amano nace en el a\u00f1o 2001, como respuesta a la necesidad de una mejor y m\u00e1s amplia cobertura pre hospitalaria de la poblaci\u00f3n en la Provincia de Mendoza. Con esta premisa se crea el primer \u201cSistema Integral de Servicios M\u00e9dicos Pre Hospitalario\u201d, desarrollando la m\u00e1s amplia cobertura en prestaciones ambulatorias. Cobertura que alcanza desde las emergencias, urgencias y consultas domiciliarias, sumando un centro de diagn\u00f3sticos equipado con la \u00faltima tecnolog\u00eda, hasta el nuevo y m\u00e1s moderno Sanatorio Privado de Mendoza. <\/span><\/div><div class='dt-sc-hr-invisible  '><\/div><div  class='column dt-sc-full-width  space first' ><\/div><div  class='column dt-sc-one-fifth   first' ><\/div><div  class='column dt-sc-four-fifth   ' ><\/div><div  class='column dt-sc-two-fifth   first' ><p><a href=\"https:\/\/grupoamano.com.ar\/wp-content\/uploads\/2015\/04\/medicos_1_web.jpg\"><img loading=\"lazy\" decoding=\"async\" class=\"aligncenter wp-image-1780 size-full\" src=\"https:\/\/grupoamano.com.ar\/wp-content\/uploads\/2015\/04\/medicos_1_web.jpg\" alt=\"\" height=\"332\" width=\"270\" srcset=\"https:\/\/www.grupoamano.com.ar\/wp-content\/uploads\/2015\/04\/medicos_1_web.jpg 270w, https:\/\/www.grupoamano.com.ar\/wp-content\/uploads\/2015\/04\/medicos_1_web-244x300.jpg 244w\" sizes=\"auto, (max-width: 270px) 100vw, 270px\" \/><\/a><\/p><\/div><div  class='column dt-sc-two-fifth   ' ><h3 class=''>\u00bfPor qu\u00e9 nos destacamos?<\/h3><ul class='dt-sc-fancy-list   rounded-arrow'>\n<li>Por contar con un equipo humano con una alta vocaci\u00f3n de servicio<\/li>\n<li>Por nuestro alto compromiso con nuestros asociados, asisti\u00e9ndoles en el lugar y momento en que nos solicita<\/li>\n<li>Por tener una actitud de mejora constante y la vanguardia en nuevas tecnolog\u00edas y servicios, anticip\u00e1ndonos a las necesidades de la poblaci\u00f3n<\/li>\n<li>Por considerar al personal uno de nuestros m\u00e1s preciados activos y fundar en ellos una fuente esencial de ventajas competitivas<\/li>\n<\/ul><\/div><div  class='column dt-sc-three-fifth   first' ><\/div><div  class='column dt-sc-full-width  space first' ><\/div><div class='dt-sc-hr '><\/div><div class='dt-sc-hr-invisible  '><\/div><div  class='column dt-sc-one-half   first' ><div class='dt-sc-toggle-frame-set'><div class=\"dt-sc-toggle-frame\">\t<h5 class='dt-sc-toggle-accordion '><a href='#'>VISI\u00d3N<\/a><\/h5>\t<div class=\"dt-sc-toggle-content\" style=\"display: none;\">\t\t<div class=\"block\">Comprometer nuestros esfuerzos en el sector de la salud para posicionarnos como una mejor opci\u00f3n de altas prestaciones y cobertura integral de necesidades, conformando as\u00ed una oferta diferencial, a medida, y calificada profesionalmente.\t\t<\/div>\t<\/div><\/div> <div class=\"dt-sc-toggle-frame\">\t<h5 class='dt-sc-toggle-accordion '><a href='#'>MISI\u00d3N<\/a><\/h5>\t<div class=\"dt-sc-toggle-content\" style=\"display: none;\">\t\t<div class=\"block\">Consolidarnos como un grupo empresario s\u00f3lido comprometido con la salud, y aportar a la sociedad servicios de alta calidad y \u00f3ptimas prestaciones conformando un sistema integrado de soluciones que contribuyan al bienestar saludable de la poblaci\u00f3n.\t\t<\/div>\t<\/div><\/div> <div class=\"dt-sc-toggle-frame\">\t<h5 class='dt-sc-toggle-accordion '><a href='#'>VALORES<\/a><\/h5>\t<div class=\"dt-sc-toggle-content\" style=\"display: none;\">\t\t<div class=\"block\"><ul class=\"fa-ul\">\n<li><i class=\"fa-li fa fa-check-square fa-lg\"><\/i>Invertir siempre en nuestro equipo humano. Contratar profesionales calificados e perma-nentemente impulsar su capacitaci\u00f3n y perfeccionamiento en nuestra actividad.<\/li>\n<li><i class=\"fa-li fa fa-check-square fa-lg\"><\/i>Invertir en alta tecnolog\u00eda m\u00e9dica, inform\u00e1tica y log\u00edstica para asegurar la mejor prestaci\u00f3n del servicio con los menores costos. Protegemos como valioso activo, nuestro n\u00facleo tecnol\u00f3gico y operativo.<\/li>\n<li><i class=\"fa-li fa fa-check-square fa-lg\"><\/i>Mejoramos d\u00eda a d\u00eda nuestra calidad de servicios y nos ocupamos en cumplir acabadamente con las necesidades de nuestros clientes.<\/li>\n<\/ul>\t\t<\/div>\t<\/div><\/div><\/div><\/div><div  class='column dt-sc-one-half   ' ><p style=\"text-align: center;\"><div class='dt-sc-testimonial'><div class='author'><img src='https:\/\/grupoamano.com.ar\/wp-content\/uploads\/2015\/04\/Dra.jpg' alt='' title='' \/><\/div><blockquote>\"<q>Nuestra dedicaci\u00f3n y alto compromiso con nuestros asociados, nos ha permitido un s\u00f3lido crecimiento, constituyendo hoy Grupo Amano, compuesto por una amplia red de prestadores propios..<\/q>\"<\/blockquote><cite> - <\/cite><\/div><\/div><div  class='column dt-sc-one-half   first' ><\/div><div  class='column dt-sc-one-half   ' ><\/div><div  class='column dt-sc-one-fourth   first' ><\/div><div  class='column dt-sc-one-fourth   ' ><\/div><div  class='column dt-sc-one-half   ' ><\/div><div  class='column dt-sc-one-half   first' ><\/div><div  class='column dt-sc-one-half   ' ><\/div>\n","protected":false},"excerpt":{"rendered":"","protected":false},"author":1,"featured_media":0,"parent":0,"menu_order":0,"comment_status":"open","ping_status":"open","template":"","meta":{"footnotes":""},"class_list":["post-822","page","type-page","status-publish","hentry"],"_links":{"self":[{"href":"https:\/\/www.grupoamano.com.ar\/index.php?rest_route=\/wp\/v2\/pages\/822","targetHints":{"allow":["GET"]}}],"collection":[{"href":"https:\/\/www.grupoamano.com.ar\/index.php?rest_route=\/wp\/v2\/pages"}],"about":[{"href":"https:\/\/www.grupoamano.com.ar\/index.php?rest_route=\/wp\/v2\/types\/page"}],"author":[{"embeddable":true,"href":"https:\/\/www.grupoamano.com.ar\/index.php?rest_route=\/wp\/v2\/users\/1"}],"replies":[{"embeddable":true,"href":"https:\/\/www.grupoamano.com.ar\/index.php?rest_route=%2Fwp%2Fv2%2Fcomments&post=822"}],"version-history":[{"count":215,"href":"https:\/\/www.grupoamano.com.ar\/index.php?rest_route=\/wp\/v2\/pages\/822\/revisions"}],"predecessor-version":[{"id":1782,"href":"https:\/\/www.grupoamano.com.ar\/index.php?rest_route=\/wp\/v2\/pages\/822\/revisions\/1782"}],"wp:attachment":[{"href":"https:\/\/www.grupoamano.com.ar\/index.php?rest_route=%2Fwp%2Fv2%2Fmedia&parent=822"}],"curies":[{"name":"wp","href":"https:\/\/api.w.org\/{rel}","templated":true}]}}